{"id":18,"date":"2016-03-15T13:17:47","date_gmt":"2016-03-15T12:17:47","guid":{"rendered":"http:\/\/www.die-wichtel-ev.de\/?page_id=18"},"modified":"2020-06-25T09:31:12","modified_gmt":"2020-06-25T07:31:12","slug":"mitarbeiter","status":"publish","type":"page","link":"https:\/\/www.die-wichtel-ev.de\/?page_id=18","title":{"rendered":"P\u00e4dagogisches Team"},"content":{"rendered":"<p style=\"text-align: justify;\"><img loading=\"lazy\" class=\" wp-image-48 alignright\" src=\"http:\/\/www.die-wichtel-ev.de\/wp-content\/uploads\/2016\/03\/IMG_4833-300x200.jpg\" alt=\"IMG_4833\" width=\"335\" height=\"223\" srcset=\"https:\/\/www.die-wichtel-ev.de\/wp-content\/uploads\/2016\/03\/IMG_4833-300x200.jpg 300w, https:\/\/www.die-wichtel-ev.de\/wp-content\/uploads\/2016\/03\/IMG_4833-768x512.jpg 768w, https:\/\/www.die-wichtel-ev.de\/wp-content\/uploads\/2016\/03\/IMG_4833-1024x682.jpg 1024w, https:\/\/www.die-wichtel-ev.de\/wp-content\/uploads\/2016\/03\/IMG_4833.jpg 1400w\" sizes=\"(max-width: 335px) 100vw, 335px\" \/>Wir sind eine staatlich anerkannte Erzieherin mit Kitaleitungszertifikat, eine weitere staatlich anerkannte Erzieherin in der Funktion der Gruppenleitung und eine Kinderpflegerin.<\/p>\n<p style=\"text-align: justify;\">Der Verein ist j\u00e4hrlich bem\u00fcht, zus\u00e4tzlich eine Betreuungskraft (Jahrespraktikant_in oder FSJler_in) zu besch\u00e4ftigen. Derzeit arbeitet eine FSJlerin f\u00fcr ein Jahr in der Gruppe mit.<\/p>\n<p style=\"text-align: justify;\">Bei Interesse an einem FSJ bei den Wichteln einfach im Kinderladen anrufen!<\/p>\n","protected":false},"excerpt":{"rendered":"<p>Wir sind eine staatlich anerkannte Erzieherin mit Kitaleitungszertifikat, eine weitere staatlich anerkannte Erzieherin in der Funktion der Gruppenleitung und eine Kinderpflegerin. Der Verein ist j\u00e4hrlich bem\u00fcht, zus\u00e4tzlich eine Betreuungskraft (Jahrespraktikant_in oder FSJler_in) zu besch\u00e4ftigen. Derzeit arbeitet eine FSJlerin f\u00fcr ein<\/p>\n","protected":false},"author":1,"featured_media":0,"parent":0,"menu_order":0,"comment_status":"closed","ping_status":"closed","template":"","meta":{"_mi_skip_tracking":false},"_links":{"self":[{"href":"https:\/\/www.die-wichtel-ev.de\/index.php?rest_route=\/wp\/v2\/pages\/18"}],"collection":[{"href":"https:\/\/www.die-wichtel-ev.de\/index.php?rest_route=\/wp\/v2\/pages"}],"about":[{"href":"https:\/\/www.die-wichtel-ev.de\/index.php?rest_route=\/wp\/v2\/types\/page"}],"author":[{"embeddable":true,"href":"https:\/\/www.die-wichtel-ev.de\/index.php?rest_route=\/wp\/v2\/users\/1"}],"replies":[{"embeddable":true,"href":"https:\/\/www.die-wichtel-ev.de\/index.php?rest_route=%2Fwp%2Fv2%2Fcomments&post=18"}],"version-history":[{"count":20,"href":"https:\/\/www.die-wichtel-ev.de\/index.php?rest_route=\/wp\/v2\/pages\/18\/revisions"}],"predecessor-version":[{"id":224,"href":"https:\/\/www.die-wichtel-ev.de\/index.php?rest_route=\/wp\/v2\/pages\/18\/revisions\/224"}],"wp:attachment":[{"href":"https:\/\/www.die-wichtel-ev.de\/index.php?rest_route=%2Fwp%2Fv2%2Fmedia&parent=18"}],"curies":[{"name":"wp","href":"https:\/\/api.w.org\/{rel}","templated":true}]}}