{"id":21,"date":"2016-03-15T13:20:29","date_gmt":"2016-03-15T12:20:29","guid":{"rendered":"http:\/\/www.die-wichtel-ev.de\/?page_id=21"},"modified":"2016-03-21T21:15:43","modified_gmt":"2016-03-21T20:15:43","slug":"paedagogisches-konzept","status":"publish","type":"page","link":"https:\/\/www.die-wichtel-ev.de\/?page_id=21","title":{"rendered":"P\u00e4dagogisches Konzept"},"content":{"rendered":"<p style=\"text-align: justify;\"><img loading=\"lazy\" class=\"wp-image-74 alignright\" src=\"http:\/\/www.die-wichtel-ev.de\/wp-content\/uploads\/2016\/03\/IMG_5013-300x200.jpg\" alt=\"IMG_5013\" width=\"416\" height=\"277\" srcset=\"https:\/\/www.die-wichtel-ev.de\/wp-content\/uploads\/2016\/03\/IMG_5013-300x200.jpg 300w, https:\/\/www.die-wichtel-ev.de\/wp-content\/uploads\/2016\/03\/IMG_5013-768x512.jpg 768w, https:\/\/www.die-wichtel-ev.de\/wp-content\/uploads\/2016\/03\/IMG_5013-1024x682.jpg 1024w, https:\/\/www.die-wichtel-ev.de\/wp-content\/uploads\/2016\/03\/IMG_5013.jpg 1400w\" sizes=\"(max-width: 416px) 100vw, 416px\" \/>Wir, Mitarbeiter_innen und Eltern, sind \u00fcberzeugt, dass jedes Kind in seiner Wesensart einmalig und einzigartig ist.<\/p>\n<p style=\"text-align: justify;\">Aufgabe der Einrichtung mit all ihren Kr\u00e4ften ist es daher, die Individualit\u00e4t und die altersbedingte Entwicklung eines jeden Kindes zu erkennen und gemessen an dieser die individuellen Angebote und F\u00f6rderungsm\u00f6glichkeiten zu entwickeln.<\/p>\n<p style=\"text-align: justify;\">Ziel ist es, die Kinder zu begleiten und in ihrer Entwicklung ihrem Alter entsprechend zu selbstbestimmten, selbstbewussten und selbst\u00e4ndig handelnden Menschen zu f\u00f6rdern. Dabei legen wir gro\u00dfen Wert auf eine fr\u00fche Erziehung zur Selbst\u00e4ndigkeit im gesch\u00fctzten Rahmen. Je mehr wir unseren Kindern zutrauen und Vertrauen in ihre F\u00e4higkeiten und Fertigkeiten setzen, je mehr wir sie selbst\u00e4ndig probieren lassen, desto besser sind die Voraussetzungen f\u00fcr ein gesundes Selbstbewusstsein, das gepr\u00e4gt ist von gegenseitiger Achtung. Grenzen setzen kann nur jemand, der ein gesundes Selbstwertgef\u00fchl entwickelt hat, denn nur dann kann er seine eigenen Grenzen wahrnehmen und die Grenzen des Anderen erkennen und respektieren.<\/p>\n<p style=\"text-align: justify;\">Das Kleinkind lernt, seine Bed\u00fcrfnisse auszudr\u00fccken, mit anderen zu teilen, zu warten, sich einzubringen oder abzugrenzen. Es lernt seinem entwickungspsychologischen Stand entsprechend, ein soziales Mitglied in der Kindergruppe zu werden.<\/p>\n<p style=\"text-align: justify;\">Als Tageseinrichtung arbeiten wir familienerg\u00e4nz<img loading=\"lazy\" class=\"wp-image-79 alignleft\" src=\"http:\/\/www.die-wichtel-ev.de\/wp-content\/uploads\/2016\/03\/IMG_5021-300x200.jpg\" alt=\"IMG_5021\" width=\"491\" height=\"328\" srcset=\"https:\/\/www.die-wichtel-ev.de\/wp-content\/uploads\/2016\/03\/IMG_5021-300x200.jpg 300w, https:\/\/www.die-wichtel-ev.de\/wp-content\/uploads\/2016\/03\/IMG_5021-768x512.jpg 768w, https:\/\/www.die-wichtel-ev.de\/wp-content\/uploads\/2016\/03\/IMG_5021-1024x682.jpg 1024w, https:\/\/www.die-wichtel-ev.de\/wp-content\/uploads\/2016\/03\/IMG_5021.jpg 1400w\" sizes=\"(max-width: 491px) 100vw, 491px\" \/>end. Die Erzieherin ist eine zus\u00e4tzliche Betreuungsperson, die eine enge Beziehung zu dem Kind aufbaut und dennoch eine gesunde Distanz beh\u00e4lt. Diese ist notwendig, denn das erm\u00f6glicht der Erzieherin eine klare professionelle Sicht auf jedes Kind , und sie kann dadurch die unterschiedlichen Kinder in ihrer Individualit\u00e4t wahrnehmen, sie erkennen und individuelle F\u00f6rderungsschwerpunkte erarbeiten.<\/p>\n<p style=\"text-align: justify;\">Der Tagesablauf ist kleinkindgem\u00e4ss strukturiert und beinhaltet: die Bring- und Abholphase, das gemeinsame Fr\u00fchst\u00fcck, das Mittagessen und den Nachmittagssnack, die K\u00f6rperpflege, die Zeit mit p\u00e4dagogischen Angeboten und die Freispielzeit.<\/p>\n<p style=\"text-align: justify;\">Die Woche ist ebenso strukturiert und umfasst folgende Aktivit\u00e4ten als feste Orientierungspunkte im Wochenablauf: Malen mit Aquarellfarben, musikalisch &#8211; rhythmische Angebote, Ausfl\u00fcge in die n\u00e4here Umgebung und das Kleinkindturnen.<\/p>\n","protected":false},"excerpt":{"rendered":"<p>Wir, Mitarbeiter_innen und Eltern, sind \u00fcberzeugt, dass jedes Kind in seiner Wesensart einmalig und einzigartig ist. Aufgabe der Einrichtung mit all ihren Kr\u00e4ften ist es daher, die Individualit\u00e4t und die altersbedingte Entwicklung eines jeden Kindes zu erkennen und gemessen an<\/p>\n","protected":false},"author":1,"featured_media":0,"parent":0,"menu_order":0,"comment_status":"closed","ping_status":"closed","template":"","meta":{"_mi_skip_tracking":false},"_links":{"self":[{"href":"https:\/\/www.die-wichtel-ev.de\/index.php?rest_route=\/wp\/v2\/pages\/21"}],"collection":[{"href":"https:\/\/www.die-wichtel-ev.de\/index.php?rest_route=\/wp\/v2\/pages"}],"about":[{"href":"https:\/\/www.die-wichtel-ev.de\/index.php?rest_route=\/wp\/v2\/types\/page"}],"author":[{"embeddable":true,"href":"https:\/\/www.die-wichtel-ev.de\/index.php?rest_route=\/wp\/v2\/users\/1"}],"replies":[{"embeddable":true,"href":"https:\/\/www.die-wichtel-ev.de\/index.php?rest_route=%2Fwp%2Fv2%2Fcomments&post=21"}],"version-history":[{"count":9,"href":"https:\/\/www.die-wichtel-ev.de\/index.php?rest_route=\/wp\/v2\/pages\/21\/revisions"}],"predecessor-version":[{"id":132,"href":"https:\/\/www.die-wichtel-ev.de\/index.php?rest_route=\/wp\/v2\/pages\/21\/revisions\/132"}],"wp:attachment":[{"href":"https:\/\/www.die-wichtel-ev.de\/index.php?rest_route=%2Fwp%2Fv2%2Fmedia&parent=21"}],"curies":[{"name":"wp","href":"https:\/\/api.w.org\/{rel}","templated":true}]}}