{"id":23,"date":"2016-03-15T13:21:14","date_gmt":"2016-03-15T12:21:14","guid":{"rendered":"http:\/\/www.die-wichtel-ev.de\/?page_id=23"},"modified":"2020-02-02T20:07:30","modified_gmt":"2020-02-02T19:07:30","slug":"gruppe-u-tagesablauf","status":"publish","type":"page","link":"https:\/\/www.die-wichtel-ev.de\/?page_id=23","title":{"rendered":"Gruppe &#038; Tagesablauf"},"content":{"rendered":"<h1><img loading=\"lazy\" class=\" wp-image-71 alignright\" src=\"http:\/\/www.die-wichtel-ev.de\/wp-content\/uploads\/2016\/03\/IMG_5010-300x200.jpg\" alt=\"IMG_5010\" width=\"435\" height=\"290\" srcset=\"https:\/\/www.die-wichtel-ev.de\/wp-content\/uploads\/2016\/03\/IMG_5010-300x200.jpg 300w, https:\/\/www.die-wichtel-ev.de\/wp-content\/uploads\/2016\/03\/IMG_5010-768x512.jpg 768w, https:\/\/www.die-wichtel-ev.de\/wp-content\/uploads\/2016\/03\/IMG_5010-1024x682.jpg 1024w, https:\/\/www.die-wichtel-ev.de\/wp-content\/uploads\/2016\/03\/IMG_5010.jpg 1400w\" sizes=\"(max-width: 435px) 100vw, 435px\" \/><\/h1>\n<p style=\"text-align: justify;\">In der Gruppe werden 8 Kinder im Alter von 1 bis 3 Jahren betreut. Die Schlafm\u00f6glichkeit f\u00fcr den Mittagsschlaf befindet sich auf einer eingezogenen Ebene im Gruppenraum.<br \/>\nZu den R\u00e4umlichkeiten geh\u00f6rt au\u00dferdem ein kleines Au\u00dfengel\u00e4nde mit Rutsche, Trampolin und Sandkasten.<\/p>\n<p style=\"text-align: justify;\">Die Betreuung findet werktags das ganze Jahr \u00fcber statt. Ausgenommen sind Feiertage sowie vom Verein festgelegte Schlie\u00dfzeiten im Sommer (2-3 Wochen) und im Winter (zwischen den Feiertagen).<\/p>\n<p>Der Tagesablauf in der Gruppe gestaltet sich wie folgt:<\/p>\n<table>\n<tbody>\n<tr>\n<td>08:00 bis 08:30 Uhr<\/td>\n<td>Bringzeit<\/td>\n<\/tr>\n<tr>\n<td>08:30 bis 09:00 Uhr<\/td>\n<td>Fr\u00fchst\u00fcck<\/td>\n<\/tr>\n<tr>\n<td>ab 09:00 Uhr<\/td>\n<td>Freispielzeit<\/td>\n<\/tr>\n<tr>\n<td>11:45 Uhr<\/td>\n<td>Mittagessen<\/td>\n<\/tr>\n<tr>\n<td>12:30 Uhr<\/td>\n<td>Mittagsschlaf<\/td>\n<\/tr>\n<tr>\n<td>ab 14:00 Uhr<\/td>\n<td>Aufwachen<\/td>\n<\/tr>\n<tr>\n<td>14:00 bis 16:00 Uhr<\/td>\n<td>Abholzeit<\/td>\n<\/tr>\n<tr>\n<td>16:00 Uhr<\/td>\n<td>Ende der Betreuungszeit<\/td>\n<\/tr>\n<\/tbody>\n<\/table>\n<p>Das Fr\u00fchst\u00fcck wird von den Betreuerinnen frisch zubereitet, das Mittagessen wird momentan bei einem Lieferservice bestellt. Nach dem Aufwachen stehen Obst und Gem\u00fcse als Snack zur Verf\u00fcgung.<\/p>\n<p>Momentan wird eine monatliche Essenspauschale von 30 \u20ac pro Kind erhoben.<\/p>\n","protected":false},"excerpt":{"rendered":"<p>In der Gruppe werden 8 Kinder im Alter von 1 bis 3 Jahren betreut. Die Schlafm\u00f6glichkeit f\u00fcr den Mittagsschlaf befindet sich auf einer eingezogenen Ebene im Gruppenraum. Zu den R\u00e4umlichkeiten geh\u00f6rt au\u00dferdem ein kleines Au\u00dfengel\u00e4nde mit Rutsche, Trampolin und Sandkasten.<\/p>\n","protected":false},"author":1,"featured_media":0,"parent":0,"menu_order":0,"comment_status":"closed","ping_status":"closed","template":"","meta":{"_mi_skip_tracking":false},"_links":{"self":[{"href":"https:\/\/www.die-wichtel-ev.de\/index.php?rest_route=\/wp\/v2\/pages\/23"}],"collection":[{"href":"https:\/\/www.die-wichtel-ev.de\/index.php?rest_route=\/wp\/v2\/pages"}],"about":[{"href":"https:\/\/www.die-wichtel-ev.de\/index.php?rest_route=\/wp\/v2\/types\/page"}],"author":[{"embeddable":true,"href":"https:\/\/www.die-wichtel-ev.de\/index.php?rest_route=\/wp\/v2\/users\/1"}],"replies":[{"embeddable":true,"href":"https:\/\/www.die-wichtel-ev.de\/index.php?rest_route=%2Fwp%2Fv2%2Fcomments&post=23"}],"version-history":[{"count":16,"href":"https:\/\/www.die-wichtel-ev.de\/index.php?rest_route=\/wp\/v2\/pages\/23\/revisions"}],"predecessor-version":[{"id":199,"href":"https:\/\/www.die-wichtel-ev.de\/index.php?rest_route=\/wp\/v2\/pages\/23\/revisions\/199"}],"wp:attachment":[{"href":"https:\/\/www.die-wichtel-ev.de\/index.php?rest_route=%2Fwp%2Fv2%2Fmedia&parent=23"}],"curies":[{"name":"wp","href":"https:\/\/api.w.org\/{rel}","templated":true}]}}