{"id":27,"date":"2016-03-15T13:22:29","date_gmt":"2016-03-15T12:22:29","guid":{"rendered":"http:\/\/www.die-wichtel-ev.de\/?page_id=27"},"modified":"2016-11-27T13:01:53","modified_gmt":"2016-11-27T12:01:53","slug":"anmeldung-u-kontakt","status":"publish","type":"page","link":"https:\/\/www.die-wichtel-ev.de\/?page_id=27","title":{"rendered":"Anmeldung &#038; Kontakt"},"content":{"rendered":"<h1><\/h1>\n<p style=\"text-align: justify;\"><img loading=\"lazy\" class=\" wp-image-65 alignright\" src=\"http:\/\/www.die-wichtel-ev.de\/wp-content\/uploads\/2016\/03\/IMG_4989-300x200.jpg\" alt=\"IMG_4989\" width=\"439\" height=\"293\" srcset=\"https:\/\/www.die-wichtel-ev.de\/wp-content\/uploads\/2016\/03\/IMG_4989-300x200.jpg 300w, https:\/\/www.die-wichtel-ev.de\/wp-content\/uploads\/2016\/03\/IMG_4989-768x512.jpg 768w, https:\/\/www.die-wichtel-ev.de\/wp-content\/uploads\/2016\/03\/IMG_4989-1024x682.jpg 1024w, https:\/\/www.die-wichtel-ev.de\/wp-content\/uploads\/2016\/03\/IMG_4989.jpg 1400w\" sizes=\"(max-width: 439px) 100vw, 439px\" \/>Bitte druckt das Anmeldeformular aus und sendet dieses ausgef\u00fcllt per Post mit einem <strong>Foto<\/strong> eurer Familie an:<\/p>\n<p style=\"text-align: justify;\"><a href=\"http:\/\/www.die-wichtel-ev.de\/wp-content\/uploads\/2016\/04\/Aufnahmeantrag.pdf\" rel=\"\">Aufnahmeantrag<\/a> Download<\/p>\n<p style=\"text-align: justify;\">Die Wichtel e.V.<br \/>\nCharlottenstrasse 94<br \/>\n30449 Hannover<\/p>\n<p style=\"text-align: justify;\">Das Krabbelgruppenjahr beginnt Anfang August.<\/p>\n<p style=\"text-align: justify;\">Sollte euer Kind in die engere Auswahl kommen (Kriterien sind unter anderem Alter und Geschlecht), laden wir euch zu einem pers\u00f6nlichen Kennenlernen ein. Wir versuchen das \u201eAuswahlverfahren\u201c m\u00f6glichst z\u00fcgig abzuschlie\u00dfen, damit beide Seiten fr\u00fchzeitig wissen, wie es im Sommer weiterlaufen wird.<\/p>\n<h2><span style=\"font-size: 18pt;\">Kontaktadresse<\/span><img loading=\"lazy\" class=\"wp-image-64 alignleft\" src=\"http:\/\/www.die-wichtel-ev.de\/wp-content\/uploads\/2016\/03\/IMG_4986-2-300x200.jpg\" alt=\"IMG_4986-2\" width=\"327\" height=\"218\" srcset=\"https:\/\/www.die-wichtel-ev.de\/wp-content\/uploads\/2016\/03\/IMG_4986-2-300x200.jpg 300w, https:\/\/www.die-wichtel-ev.de\/wp-content\/uploads\/2016\/03\/IMG_4986-2-768x512.jpg 768w, https:\/\/www.die-wichtel-ev.de\/wp-content\/uploads\/2016\/03\/IMG_4986-2-1024x682.jpg 1024w, https:\/\/www.die-wichtel-ev.de\/wp-content\/uploads\/2016\/03\/IMG_4986-2.jpg 1400w\" sizes=\"(max-width: 327px) 100vw, 327px\" \/><\/h2>\n<p>Die Wichtel e.V.<br \/>\nCharlottenstrasse 94<br \/>\n30449 Hannover<\/p>\n<p>Tel.: 0511\/440889 (<span style=\"color: #ff0000;\"><strong>Bitte auf die Anrufzeiten achten!<\/strong><\/span>)<br \/>\nE-Mail: die.wichtel@kila-ini.de<\/p>\n<p>Anrufzeiten: 8:00 &#8211; 11:00 Uhr, danach machen die kleinen Wichtel Mittagsschlaf<\/p>\n<p>&nbsp;<\/p>\n<p>Wir freuen uns auf den Kontakt mit Euch!<\/p>\n","protected":false},"excerpt":{"rendered":"<p>Bitte druckt das Anmeldeformular aus und sendet dieses ausgef\u00fcllt per Post mit einem Foto eurer Familie an: Aufnahmeantrag Download Die Wichtel e.V. Charlottenstrasse 94 30449 Hannover Das Krabbelgruppenjahr beginnt Anfang August. Sollte euer Kind in die engere Auswahl kommen (Kriterien<\/p>\n","protected":false},"author":1,"featured_media":0,"parent":0,"menu_order":0,"comment_status":"closed","ping_status":"closed","template":"","meta":{"_mi_skip_tracking":false},"_links":{"self":[{"href":"https:\/\/www.die-wichtel-ev.de\/index.php?rest_route=\/wp\/v2\/pages\/27"}],"collection":[{"href":"https:\/\/www.die-wichtel-ev.de\/index.php?rest_route=\/wp\/v2\/pages"}],"about":[{"href":"https:\/\/www.die-wichtel-ev.de\/index.php?rest_route=\/wp\/v2\/types\/page"}],"author":[{"embeddable":true,"href":"https:\/\/www.die-wichtel-ev.de\/index.php?rest_route=\/wp\/v2\/users\/1"}],"replies":[{"embeddable":true,"href":"https:\/\/www.die-wichtel-ev.de\/index.php?rest_route=%2Fwp%2Fv2%2Fcomments&post=27"}],"version-history":[{"count":19,"href":"https:\/\/www.die-wichtel-ev.de\/index.php?rest_route=\/wp\/v2\/pages\/27\/revisions"}],"predecessor-version":[{"id":57,"href":"https:\/\/www.die-wichtel-ev.de\/index.php?rest_route=\/wp\/v2\/pages\/27\/revisions\/57"}],"wp:attachment":[{"href":"https:\/\/www.die-wichtel-ev.de\/index.php?rest_route=%2Fwp%2Fv2%2Fmedia&parent=27"}],"curies":[{"name":"wp","href":"https:\/\/api.w.org\/{rel}","templated":true}]}}