{"id":33,"date":"2016-03-15T13:33:10","date_gmt":"2016-03-15T12:33:10","guid":{"rendered":"http:\/\/www.die-wichtel-ev.de\/?page_id=33"},"modified":"2020-10-19T16:26:58","modified_gmt":"2020-10-19T14:26:58","slug":"willkommen","status":"publish","type":"page","link":"https:\/\/www.die-wichtel-ev.de\/","title":{"rendered":"Willkommen"},"content":{"rendered":"<p style=\"text-align: center;\"><span style=\"font-size: 14pt;\"><span style=\"font-size: 16pt;\">Herzlich Willkommen <\/span><\/span><\/p>\n<p style=\"text-align: center;\"><span style=\"font-size: 14pt;\">auf den Seiten der Krabbelgruppe Die Wichtel e.V.<\/span><\/p>\n<p style=\"text-align: justify;\"><span style=\"font-size: 12pt;\">Wir sind acht Kinder zwischen eins und drei Jahren, drei fest angestellte Mitarbeiterinnen, eine FSJlerin und eine ganze Menge Eltern. Der Kinderladen besteht seit 1994, er liegt in Linden-S\u00fcd in der Charlottenstra\u00dfe 94 und verf\u00fcgt \u00fcber sch\u00f6ne, freundliche R\u00e4umlichkeiten (frisch renoviert im Jahr 2018) sowie ein kleines Au\u00dfengel\u00e4nde. Wenn die kleinen Wichtel sich nicht gerade dort tummeln, sind sie auf Spielpl\u00e4tzen in der Umgebung, auf dem Wochenmarkt, am Fluss, im Wald oder manchmal sogar am Flughafen zu finden um Flugzeuge zu bestaunen &#8211; der Ausflugsbollerwagen macht es m\u00f6glich. Unser Elterninitiativkinderladen erm\u00f6glicht den Eltern dabei Mitgestaltung, erfordert aber auch Mitarbeit. Mehr Infos \u00fcber uns, unseren Kinderladen und das Konzept findet ihr auf den folgenden Seiten.<\/span><\/p>\n<p style=\"text-align: center;\">\n","protected":false},"excerpt":{"rendered":"<p>Herzlich Willkommen auf den Seiten der Krabbelgruppe Die Wichtel e.V. Wir sind acht Kinder zwischen eins und drei Jahren, drei fest angestellte Mitarbeiterinnen, eine FSJlerin und eine ganze Menge Eltern. Der Kinderladen besteht seit 1994, er liegt in Linden-S\u00fcd in<\/p>\n","protected":false},"author":1,"featured_media":0,"parent":0,"menu_order":0,"comment_status":"closed","ping_status":"closed","template":"","meta":{"_mi_skip_tracking":false},"_links":{"self":[{"href":"https:\/\/www.die-wichtel-ev.de\/index.php?rest_route=\/wp\/v2\/pages\/33"}],"collection":[{"href":"https:\/\/www.die-wichtel-ev.de\/index.php?rest_route=\/wp\/v2\/pages"}],"about":[{"href":"https:\/\/www.die-wichtel-ev.de\/index.php?rest_route=\/wp\/v2\/types\/page"}],"author":[{"embeddable":true,"href":"https:\/\/www.die-wichtel-ev.de\/index.php?rest_route=\/wp\/v2\/users\/1"}],"replies":[{"embeddable":true,"href":"https:\/\/www.die-wichtel-ev.de\/index.php?rest_route=%2Fwp%2Fv2%2Fcomments&post=33"}],"version-history":[{"count":22,"href":"https:\/\/www.die-wichtel-ev.de\/index.php?rest_route=\/wp\/v2\/pages\/33\/revisions"}],"predecessor-version":[{"id":208,"href":"https:\/\/www.die-wichtel-ev.de\/index.php?rest_route=\/wp\/v2\/pages\/33\/revisions\/208"}],"wp:attachment":[{"href":"https:\/\/www.die-wichtel-ev.de\/index.php?rest_route=%2Fwp%2Fv2%2Fmedia&parent=33"}],"curies":[{"name":"wp","href":"https:\/\/api.w.org\/{rel}","templated":true}]}}